{"id":120,"date":"2009-08-17T18:59:17","date_gmt":"2009-08-17T16:59:17","guid":{"rendered":"https:\/\/www.mb-bonsaischalen.de\/?page_id=120"},"modified":"2019-09-15T12:35:36","modified_gmt":"2019-09-15T10:35:36","slug":"home","status":"publish","type":"page","link":"https:\/\/www.mb-bonsaischalen.de\/","title":{"rendered":"Home"},"content":{"rendered":"<h2 style=\"text-align: center;\"><span style=\"color: #993300;\"><strong>Willkommen bei MB-Bonsaischalen<br \/>\n<\/strong><\/span><\/h2>\n<p style=\"text-align: center;\"><span style=\"color: #ff0000;\">\u00a0<\/span><\/p>\n<p style=\"text-align: center;\"><span style=\"color: #993300;\"><strong>Bestellungen nehme ich gerne per E-Mail:<\/strong><\/span><\/p>\n<p style=\"text-align: center;\"><span style=\"color: #993300;\"><strong> info@mb-bonsaischalen.de<\/strong><\/span><\/p>\n<p style=\"text-align: center;\"><strong><span style=\"color: #993300;\">entgegen.<br \/>\n<\/span><\/strong><\/p>\n<p style=\"text-align: center;\"><img loading=\"lazy\" decoding=\"async\" class=\"alignnone wp-image-2523 size-full\" src=\"https:\/\/www.mb-bonsaischalen.de\/wp-content\/uploads\/2009\/08\/FS3_0705-e1466696629438.jpg\" alt=\"FS3_0705\" width=\"1000\" height=\"891\" \/><\/p>\n<p style=\"text-align: center;\"><span style=\"color: #993300;\">Ligustrum Chinensis aus meiner Privatsammlung in einer Ma\u00dfschale aus eigener Herstellung.<\/span><\/p>\n<p style=\"text-align: center;\"><span style=\"color: #993300;\">Foto von Frank Schmiedbauer<\/span><\/p>\n<p style=\"text-align: center;\"><span style=\"color: #993300;\">Meine erste <strong>Bonsaischale<\/strong><br \/>\n<\/span><\/p>\n<p style=\"text-align: center;\"><img loading=\"lazy\" decoding=\"async\" class=\"alignnone size-medium wp-image-2370\" src=\"https:\/\/www.mb-bonsaischalen.de\/wp-content\/uploads\/2015\/12\/erste-bonsaischale-300x225.jpg\" alt=\"erste-bonsaischale\" width=\"300\" height=\"225\" srcset=\"https:\/\/www.mb-bonsaischalen.de\/wp-content\/uploads\/2015\/12\/erste-bonsaischale-300x225.jpg 300w, https:\/\/www.mb-bonsaischalen.de\/wp-content\/uploads\/2015\/12\/erste-bonsaischale.jpg 600w\" sizes=\"auto, (max-width: 300px) 100vw, 300px\" \/><\/p>\n<p style=\"text-align: center;\"><span style=\"color: #993300;\">Es war in der 3. oder 4. Klasse der Grundschule, als ich das letzte mal einen Klumpen <strong>Ton<\/strong> in der Hand hatte, um daraus eine <strong>Figur<\/strong> zu formen. Damals wusste ich noch nicht, was mit <strong>Ton<\/strong> so alles m\u00f6glich ist.<\/span><\/p>\n<p style=\"text-align: center;\"><span style=\"color: #993300;\">Viele Jahre sp\u00e4ter dann, wurde mein Interesse f\u00fcr<strong> Bonsai<\/strong> geweckt, die nat\u00fcrlich meisst in einer aus <strong>Ton<\/strong> gefertigten\u00a0 <strong>Bonsai-schale<\/strong> stehen.<\/span><\/p>\n<p style=\"text-align: center;\"><span style=\"color: #993300;\">So gesellte sich dann zu dem Hobby<strong> Bonsai<\/strong> auch noch das <strong>T\u00f6pfern<\/strong> von <strong>Bonsaischalen<\/strong>.<\/span><\/p>\n<p style=\"text-align: center;\"><span style=\"color: #993300;\">Die ersten Versuche waren eher bescheiden, doch ich blieb am Ball und von mal zu mal wurden auch die Ergebnisse immer besser.<\/span><\/p>\n<p style=\"text-align: center;\"><span style=\"color: #993300;\">Ohne jemals ein Buch dar\u00fcber gelesen, oder einen <strong>T\u00f6pferkurs<\/strong> besucht zu haben, ist es mir im laufe der Zeit gelungen, meine Arbeiten immer weiter zu perfektionieren.<\/span><\/p>\n<p style=\"text-align: center;\"><span style=\"color: #993300;\">Mittlerweile ist aus dem Hobby ein zweiter Beruf geworden, an dem ich viel Spa\u00df habe.<\/span><\/p>\n<p style=\"text-align: center;\"><span style=\"color: #993300;\">Nat\u00fcrlich wird in regelm\u00e4ssigen Abst\u00e4nden das Sortiment an <strong>Bonsai-schalen <\/strong>erweitert. <\/span><\/p>\n<p style=\"text-align: center;\"><span style=\"color: #993300;\">Sollte eine<strong> Schale<\/strong> nicht mehr verf\u00fcgbar sein, kann diese in \u00e4hnlicher Form <strong>nachget\u00f6pfert<\/strong> werden.<br \/>\n<\/span><\/p>\n<p style=\"text-align: center;\"><span style=\"color: #993300;\">St\u00f6bern sie also in aller Ruhe durch die <strong>Schalengalerie. <\/strong>Sollten sie eine Frage haben, kontaktieren sie mich !<\/span><\/p>\n<p style=\"text-align: center;\"><span style=\"color: #993300;\"><img loading=\"lazy\" decoding=\"async\" class=\"alignnone size-medium wp-image-2403\" src=\"https:\/\/www.mb-bonsaischalen.de\/wp-content\/uploads\/2015\/12\/cropped-100_98692-300x93.jpg\" alt=\"cropped-100_98692.jpg\" width=\"300\" height=\"93\" srcset=\"https:\/\/www.mb-bonsaischalen.de\/wp-content\/uploads\/2015\/12\/cropped-100_98692-300x93.jpg 300w, https:\/\/www.mb-bonsaischalen.de\/wp-content\/uploads\/2015\/12\/cropped-100_98692.jpg 600w\" sizes=\"auto, (max-width: 300px) 100vw, 300px\" \/><br \/>\n<\/span><\/p>\n<p style=\"text-align: center;\"><span style=\"color: #993300;\">info@mb-bonsaischalen.de<\/span><\/p>\n<h2 style=\"text-align: center;\"><span style=\"color: #993300;\">Zur Information:<\/span><\/h2>\n<p style=\"text-align: center;\"><span style=\"color: #993300;\">Alle meine <strong>Schalen<\/strong> sind reine Handarbeit und werden ohne Formen in <strong>Plattenbauweise<\/strong> hergestellt.<\/span><\/p>\n<p style=\"text-align: center;\"><span style=\"color: #993300;\">Es handelt sich bei den jeweiligen <strong>bonsaischalen<\/strong> um Einzelst\u00fccke, die aber in \u00e4hnlicher Form nochmal gefertigt werden k\u00f6nnen. Eine exakte Kopie ist also nicht m\u00f6glich. So ist in jedem Fall gew\u00e4hrleistet, dass es sich bei Ihrer <strong>bonsaischale<\/strong> um ein <strong>Unikat <\/strong>handelt.<br \/>\n<\/span><\/p>\n<p style=\"text-align: center;\"><span style=\"color: #993300;\">Bei <strong>Ma\u00dfanfertigungen<\/strong> kann es sein, dass es bei der fertigen <strong>Schale<\/strong> zu Abweichungen in der Gr\u00f6sse kommen kann. Das liegt daran, dass der <strong>Ton <\/strong>beim trocknen schrumpft und beim<strong> Brand <\/strong>nochmals. Dieser Prozess l\u00e4sst sich nicht immer genau vorausberechnen. Ich bem\u00fche mich jedoch diese Toleranzwerte so gering wie m\u00f6glich zu halten.<\/span><\/p>\n<p style=\"text-align: center;\"><span style=\"color: #993300;\">Die Preise zu den jeweiligen Artikeln sind Endpreise incl. der gesetzlich vorgeschriebenen Mehrwertsteuer, zzgl. Verpackung und versicherter Versand! Die Versandkosten richten sich nach der Gr\u00f6sse und Menge der bestellten Artikel.<br \/>\n<\/span><\/p>\n<p style=\"text-align: center;\"><span style=\"color: #993300;\"><br \/>\n<\/span><\/p>\n<p style=\"text-align: center;\"><span style=\"color: #993300;\"><br \/>\n<\/span><\/p>\n<p style=\"text-align: center;\"><span style=\"color: #993300;\">Selbstverst\u00e4ndlich sind alle Schalen <\/span><strong><span style=\"color: #993300;\">frostfest bei ca.1220 Grad gebrannt<\/span><\/strong><span style=\"color: #993300;\">. Zur Frostfestigkeit w\u00e4re noch anzumerken, dass auch eine frostfeste <strong>Schale<\/strong> im Winter reissen kann, wenn zum Beispiel sehr dichtes <strong>Substrat <\/strong>verwendet wird.<\/span><\/p>\n<p style=\"text-align: center;\"><span style=\"color: #993300;\">Ist dieses Substrat sehr nass und gefriert, dann dehnt es sich aus und die Schale kann reissen. Bei Verwendung von modernen, sehr durchl\u00e4ssigen Substraten, l\u00e4sst sich diese Gefahr minimieren.<\/span><\/p>\n<p style=\"text-align: center;\"><span style=\"color: #993300;\"><br \/>\n<\/span><\/p>\n<p style=\"text-align: center;\"><span style=\"color: #993300;\"><img loading=\"lazy\" decoding=\"async\" class=\"size-medium wp-image-2375 alignnone\" src=\"https:\/\/www.mb-bonsaischalen.de\/wp-content\/uploads\/2015\/12\/topfersiegel-marc-berenbrinker-300x222.jpg\" alt=\"topfersiegel-marc-berenbrinker\" width=\"300\" height=\"222\" srcset=\"https:\/\/www.mb-bonsaischalen.de\/wp-content\/uploads\/2015\/12\/topfersiegel-marc-berenbrinker-300x222.jpg 300w, https:\/\/www.mb-bonsaischalen.de\/wp-content\/uploads\/2015\/12\/topfersiegel-marc-berenbrinker.jpg 600w\" sizes=\"auto, (max-width: 300px) 100vw, 300px\" \/><\/span><\/p>\n<p style=\"text-align: center;\"><span style=\"color: #993300;\">Dieses <strong>T\u00f6pfersiegel <\/strong>wird unter jeder<strong> Schale<\/strong> von mir zu finden sein .<\/span><\/p>\n<p style=\"text-align: center;\"><span style=\"color: #993300;\"><br \/>\n<\/span><\/p>\n","protected":false},"excerpt":{"rendered":"<p>Willkommen bei MB-Bonsaischalen \u00a0 Bestellungen nehme ich gerne per E-Mail: info@mb-bonsaischalen.de entgegen. Ligustrum Chinensis aus meiner Privatsammlung in einer Ma\u00dfschale aus eigener Herstellung. Foto von Frank Schmiedbauer Meine erste Bonsaischale Es war in der 3. oder 4. Klasse der Grundschule,&hellip; <\/p>\n","protected":false},"author":2,"featured_media":0,"parent":0,"menu_order":0,"comment_status":"closed","ping_status":"open","template":"","meta":{"ngg_post_thumbnail":0,"footnotes":""},"class_list":["post-120","page","type-page","status-publish","hentry"],"_links":{"self":[{"href":"https:\/\/www.mb-bonsaischalen.de\/index.php?rest_route=\/wp\/v2\/pages\/120","targetHints":{"allow":["GET"]}}],"collection":[{"href":"https:\/\/www.mb-bonsaischalen.de\/index.php?rest_route=\/wp\/v2\/pages"}],"about":[{"href":"https:\/\/www.mb-bonsaischalen.de\/index.php?rest_route=\/wp\/v2\/types\/page"}],"author":[{"embeddable":true,"href":"https:\/\/www.mb-bonsaischalen.de\/index.php?rest_route=\/wp\/v2\/users\/2"}],"replies":[{"embeddable":true,"href":"https:\/\/www.mb-bonsaischalen.de\/index.php?rest_route=%2Fwp%2Fv2%2Fcomments&post=120"}],"version-history":[{"count":10,"href":"https:\/\/www.mb-bonsaischalen.de\/index.php?rest_route=\/wp\/v2\/pages\/120\/revisions"}],"predecessor-version":[{"id":3048,"href":"https:\/\/www.mb-bonsaischalen.de\/index.php?rest_route=\/wp\/v2\/pages\/120\/revisions\/3048"}],"wp:attachment":[{"href":"https:\/\/www.mb-bonsaischalen.de\/index.php?rest_route=%2Fwp%2Fv2%2Fmedia&parent=120"}],"curies":[{"name":"wp","href":"https:\/\/api.w.org\/{rel}","templated":true}]}}