{"id":154,"date":"2009-08-31T20:59:51","date_gmt":"2009-08-31T18:59:51","guid":{"rendered":"https:\/\/www.mb-bonsaischalen.de\/?page_id=154"},"modified":"2021-12-21T08:38:27","modified_gmt":"2021-12-21T07:38:27","slug":"neues","status":"publish","type":"page","link":"https:\/\/www.mb-bonsaischalen.de\/?page_id=154","title":{"rendered":"Neues"},"content":{"rendered":"<h2 style=\"text-align: center;\"><span style=\"color: #993300;\"><strong>Die etwas andere<\/strong> Bonsaischale!<\/span><\/h2>\n<p style=\"text-align: center;\"><span style=\"color: #993300;\">Suiban mit aufmodellierten Octopus. 100% Handmade und nat\u00fcrlich frostfest gebrannt!<\/span><\/p>\n<h2 style=\"text-align: center;\">&nbsp;<img loading=\"lazy\" decoding=\"async\" class=\"alignnone  wp-image-3272\" src=\"https:\/\/www.mb-bonsaischalen.de\/wp-content\/uploads\/2021\/12\/IMG_20211220_191700_149-300x157.jpg\" alt=\"\" width=\"373\" height=\"195\" srcset=\"https:\/\/www.mb-bonsaischalen.de\/wp-content\/uploads\/2021\/12\/IMG_20211220_191700_149-300x157.jpg 300w, https:\/\/www.mb-bonsaischalen.de\/wp-content\/uploads\/2021\/12\/IMG_20211220_191700_149-1024x535.jpg 1024w, https:\/\/www.mb-bonsaischalen.de\/wp-content\/uploads\/2021\/12\/IMG_20211220_191700_149-768x402.jpg 768w, https:\/\/www.mb-bonsaischalen.de\/wp-content\/uploads\/2021\/12\/IMG_20211220_191700_149.jpg 1440w\" sizes=\"auto, (max-width: 373px) 100vw, 373px\" \/><\/h2>\n<h2 style=\"text-align: center;\"><span style=\"color: #993300;\">&nbsp;<\/span><\/h2>\n<h2><img loading=\"lazy\" decoding=\"async\" class=\"wp-image-3271 aligncenter\" src=\"https:\/\/www.mb-bonsaischalen.de\/wp-content\/uploads\/2021\/12\/IMG_20211220_191700_044-300x157.jpg\" alt=\"\" width=\"378\" height=\"198\" srcset=\"https:\/\/www.mb-bonsaischalen.de\/wp-content\/uploads\/2021\/12\/IMG_20211220_191700_044-300x157.jpg 300w, https:\/\/www.mb-bonsaischalen.de\/wp-content\/uploads\/2021\/12\/IMG_20211220_191700_044-1024x535.jpg 1024w, https:\/\/www.mb-bonsaischalen.de\/wp-content\/uploads\/2021\/12\/IMG_20211220_191700_044-768x402.jpg 768w, https:\/\/www.mb-bonsaischalen.de\/wp-content\/uploads\/2021\/12\/IMG_20211220_191700_044.jpg 1440w\" sizes=\"auto, (max-width: 378px) 100vw, 378px\" \/><\/h2>\n<p style=\"text-align: center;\"><span style=\"color: #993300;\">&nbsp;Drachenschale, frostfest gebrannt bei 1220 Grad und nat\u00fcrlich zum Bepflanzen geeignet, oder als Hingucker im Schalenregal.<\/span><\/p>\n<p><img loading=\"lazy\" decoding=\"async\" class=\"alignnone size-medium wp-image-3072 aligncenter\" src=\"https:\/\/www.mb-bonsaischalen.de\/wp-content\/uploads\/2020\/02\/20200128_172914-300x161.jpg\" alt=\"\" width=\"300\" height=\"161\" srcset=\"https:\/\/www.mb-bonsaischalen.de\/wp-content\/uploads\/2020\/02\/20200128_172914-300x161.jpg 300w, https:\/\/www.mb-bonsaischalen.de\/wp-content\/uploads\/2020\/02\/20200128_172914-1024x550.jpg 1024w, https:\/\/www.mb-bonsaischalen.de\/wp-content\/uploads\/2020\/02\/20200128_172914-768x412.jpg 768w, https:\/\/www.mb-bonsaischalen.de\/wp-content\/uploads\/2020\/02\/20200128_172914-1536x825.jpg 1536w, https:\/\/www.mb-bonsaischalen.de\/wp-content\/uploads\/2020\/02\/20200128_172914-2048x1099.jpg 2048w\" sizes=\"auto, (max-width: 300px) 100vw, 300px\" \/><\/p>\n<p style=\"text-align: center;\"><span style=\"color: #800000;\">&nbsp;Octopusschalen, die auch nach speziellen W\u00fcnschen angefertigt werden k\u00f6nnen.<\/span><\/p>\n<p style=\"text-align: center;\"><img loading=\"lazy\" decoding=\"async\" class=\"alignnone size-medium wp-image-2990\" src=\"https:\/\/www.mb-bonsaischalen.de\/wp-content\/uploads\/2019\/05\/20190502_174836-300x179.jpg\" alt=\"\" width=\"300\" height=\"179\" srcset=\"https:\/\/www.mb-bonsaischalen.de\/wp-content\/uploads\/2019\/05\/20190502_174836-300x179.jpg 300w, https:\/\/www.mb-bonsaischalen.de\/wp-content\/uploads\/2019\/05\/20190502_174836-768x459.jpg 768w, https:\/\/www.mb-bonsaischalen.de\/wp-content\/uploads\/2019\/05\/20190502_174836-1024x612.jpg 1024w\" sizes=\"auto, (max-width: 300px) 100vw, 300px\" \/><\/p>\n<p>&nbsp;<\/p>\n<p>&nbsp;<\/p>\n<p style=\"text-align: center;\"><span style=\"color: #993300;\"> <strong>Bonsaischalen<\/strong> in <strong>Wolkenform<\/strong> mit zum Teil etwas aussergew\u00f6hnlichen <strong>Glasuren<\/strong><\/span>.<\/p>\n<p><img loading=\"lazy\" decoding=\"async\" class=\"size-medium wp-image-2389 aligncenter\" src=\"https:\/\/www.mb-bonsaischalen.de\/wp-content\/uploads\/2015\/12\/bonsai-wolkenschale1-300x200.jpg\" alt=\"bonsai-wolkenschale1\" width=\"300\" height=\"200\" srcset=\"https:\/\/www.mb-bonsaischalen.de\/wp-content\/uploads\/2015\/12\/bonsai-wolkenschale1-300x200.jpg 300w, https:\/\/www.mb-bonsaischalen.de\/wp-content\/uploads\/2015\/12\/bonsai-wolkenschale1.jpg 600w\" sizes=\"auto, (max-width: 300px) 100vw, 300px\" \/><\/p>\n<p><img loading=\"lazy\" decoding=\"async\" class=\"size-medium wp-image-2390 aligncenter\" src=\"https:\/\/www.mb-bonsaischalen.de\/wp-content\/uploads\/2015\/12\/dsc03422-300x200.jpg\" alt=\"dsc03422\" width=\"300\" height=\"200\" srcset=\"https:\/\/www.mb-bonsaischalen.de\/wp-content\/uploads\/2015\/12\/dsc03422-300x200.jpg 300w, https:\/\/www.mb-bonsaischalen.de\/wp-content\/uploads\/2015\/12\/dsc03422.jpg 600w\" sizes=\"auto, (max-width: 300px) 100vw, 300px\" \/><\/p>\n<p style=\"text-align: center;\"><span style=\"color: #993300;\">&#8230;.. auch <strong>unglasiert <\/strong>wirkt so eine <strong>Bonsaischale<\/strong>!<\/span><\/p>\n<p><span style=\"color: #993300;\"><img loading=\"lazy\" decoding=\"async\" class=\"size-medium wp-image-2391 aligncenter\" src=\"https:\/\/www.mb-bonsaischalen.de\/wp-content\/uploads\/2015\/12\/wolkenschale-unglasiert-300x200.jpg\" alt=\"wolkenschale-unglasiert\" width=\"300\" height=\"200\" srcset=\"https:\/\/www.mb-bonsaischalen.de\/wp-content\/uploads\/2015\/12\/wolkenschale-unglasiert-300x200.jpg 300w, https:\/\/www.mb-bonsaischalen.de\/wp-content\/uploads\/2015\/12\/wolkenschale-unglasiert.jpg 600w\" sizes=\"auto, (max-width: 300px) 100vw, 300px\" \/><\/span><\/p>\n<p><span style=\"color: #993300;\">&nbsp;<\/span><\/p>\n<p>&nbsp;<\/p>\n<p><span style=\"color: #993300;\">&nbsp;<\/span><\/p>\n<p style=\"text-align: center;\"><span style=\"color: #993300;\"> Diese <strong>Schale <\/strong>ist, wenn auch nicht zwingend notwendig, bei 1250 Grad gebrannt.<\/span><\/p>\n<p><span style=\"color: #993300;\"><img loading=\"lazy\" decoding=\"async\" class=\"size-medium wp-image-2393 aligncenter\" src=\"https:\/\/www.mb-bonsaischalen.de\/wp-content\/uploads\/2015\/12\/steinbock-beistellfigur-200x300.jpg\" alt=\"steinbock-beistellfigur\" width=\"200\" height=\"300\" srcset=\"https:\/\/www.mb-bonsaischalen.de\/wp-content\/uploads\/2015\/12\/steinbock-beistellfigur-200x300.jpg 200w, https:\/\/www.mb-bonsaischalen.de\/wp-content\/uploads\/2015\/12\/steinbock-beistellfigur.jpg 399w\" sizes=\"auto, (max-width: 200px) 100vw, 200px\" \/><br \/>\n<\/span><\/p>\n<p>&nbsp;<\/p>\n<p><span style=\"color: #993300;\">&nbsp;<\/span><\/p>\n<p>&nbsp;<\/p>\n<p style=\"text-align: center;\"><span style=\"color: #993300;\">Diese <strong>Bonsaischale<\/strong> in ihrer au\u00dfergew\u00f6hnlichen Form ist nach einer Idee von Davy Corvina entstanden.<img loading=\"lazy\" decoding=\"async\" class=\"size-medium wp-image-2395 aligncenter\" src=\"https:\/\/www.mb-bonsaischalen.de\/wp-content\/uploads\/2015\/12\/dsc03556-300x240.jpg\" alt=\"dsc03556\" width=\"300\" height=\"240\" srcset=\"https:\/\/www.mb-bonsaischalen.de\/wp-content\/uploads\/2015\/12\/dsc03556-300x240.jpg 300w, https:\/\/www.mb-bonsaischalen.de\/wp-content\/uploads\/2015\/12\/dsc03556.jpg 650w\" sizes=\"auto, (max-width: 300px) 100vw, 300px\" \/><\/span><\/p>\n<p><img loading=\"lazy\" decoding=\"async\" class=\"size-medium wp-image-2396 aligncenter\" src=\"https:\/\/www.mb-bonsaischalen.de\/wp-content\/uploads\/2015\/12\/dsc03559-300x240.jpg\" alt=\"dsc03559\" width=\"300\" height=\"240\" srcset=\"https:\/\/www.mb-bonsaischalen.de\/wp-content\/uploads\/2015\/12\/dsc03559-300x240.jpg 300w, https:\/\/www.mb-bonsaischalen.de\/wp-content\/uploads\/2015\/12\/dsc03559.jpg 650w\" sizes=\"auto, (max-width: 300px) 100vw, 300px\" \/><img loading=\"lazy\" decoding=\"async\" class=\"size-medium wp-image-2397 aligncenter\" src=\"https:\/\/www.mb-bonsaischalen.de\/wp-content\/uploads\/2015\/12\/dsc03561-300x240.jpg\" alt=\"dsc03561\" width=\"300\" height=\"240\" srcset=\"https:\/\/www.mb-bonsaischalen.de\/wp-content\/uploads\/2015\/12\/dsc03561-300x240.jpg 300w, https:\/\/www.mb-bonsaischalen.de\/wp-content\/uploads\/2015\/12\/dsc03561.jpg 650w\" sizes=\"auto, (max-width: 300px) 100vw, 300px\" \/><img loading=\"lazy\" decoding=\"async\" class=\"size-medium wp-image-2398 aligncenter\" src=\"https:\/\/www.mb-bonsaischalen.de\/wp-content\/uploads\/2015\/12\/dsc03563-300x240.jpg\" alt=\"dsc03563\" width=\"300\" height=\"240\" srcset=\"https:\/\/www.mb-bonsaischalen.de\/wp-content\/uploads\/2015\/12\/dsc03563-300x240.jpg 300w, https:\/\/www.mb-bonsaischalen.de\/wp-content\/uploads\/2015\/12\/dsc03563.jpg 650w\" sizes=\"auto, (max-width: 300px) 100vw, 300px\" \/><img loading=\"lazy\" decoding=\"async\" class=\"size-medium wp-image-2399 aligncenter\" src=\"https:\/\/www.mb-bonsaischalen.de\/wp-content\/uploads\/2015\/12\/dsc03558-300x240.jpg\" alt=\"dsc03558\" width=\"300\" height=\"240\" srcset=\"https:\/\/www.mb-bonsaischalen.de\/wp-content\/uploads\/2015\/12\/dsc03558-300x240.jpg 300w, https:\/\/www.mb-bonsaischalen.de\/wp-content\/uploads\/2015\/12\/dsc03558.jpg 650w\" sizes=\"auto, (max-width: 300px) 100vw, 300px\" \/><\/p>\n<p><span style=\"color: #993300;\">&nbsp;<\/span><\/p>\n","protected":false},"excerpt":{"rendered":"<p>Die etwas andere Bonsaischale! Suiban mit aufmodellierten Octopus. 100% Handmade und nat\u00fcrlich frostfest gebrannt! &nbsp; &nbsp; &nbsp;Drachenschale, frostfest gebrannt bei 1220 Grad und nat\u00fcrlich zum Bepflanzen geeignet, oder als Hingucker im Schalenregal. &nbsp;Octopusschalen, die auch nach speziellen W\u00fcnschen angefertigt werden&hellip; <\/p>\n","protected":false},"author":2,"featured_media":0,"parent":0,"menu_order":0,"comment_status":"closed","ping_status":"open","template":"","meta":{"ngg_post_thumbnail":0,"footnotes":""},"class_list":["post-154","page","type-page","status-publish","hentry"],"_links":{"self":[{"href":"https:\/\/www.mb-bonsaischalen.de\/index.php?rest_route=\/wp\/v2\/pages\/154","targetHints":{"allow":["GET"]}}],"collection":[{"href":"https:\/\/www.mb-bonsaischalen.de\/index.php?rest_route=\/wp\/v2\/pages"}],"about":[{"href":"https:\/\/www.mb-bonsaischalen.de\/index.php?rest_route=\/wp\/v2\/types\/page"}],"author":[{"embeddable":true,"href":"https:\/\/www.mb-bonsaischalen.de\/index.php?rest_route=\/wp\/v2\/users\/2"}],"replies":[{"embeddable":true,"href":"https:\/\/www.mb-bonsaischalen.de\/index.php?rest_route=%2Fwp%2Fv2%2Fcomments&post=154"}],"version-history":[{"count":13,"href":"https:\/\/www.mb-bonsaischalen.de\/index.php?rest_route=\/wp\/v2\/pages\/154\/revisions"}],"predecessor-version":[{"id":3280,"href":"https:\/\/www.mb-bonsaischalen.de\/index.php?rest_route=\/wp\/v2\/pages\/154\/revisions\/3280"}],"wp:attachment":[{"href":"https:\/\/www.mb-bonsaischalen.de\/index.php?rest_route=%2Fwp%2Fv2%2Fmedia&parent=154"}],"curies":[{"name":"wp","href":"https:\/\/api.w.org\/{rel}","templated":true}]}}